{"id":9,"date":"2021-07-24T06:25:06","date_gmt":"2021-07-24T04:25:06","guid":{"rendered":"https:\/\/www.mjmglobalart.com\/?page_id=9"},"modified":"2021-09-01T13:35:06","modified_gmt":"2021-09-01T11:35:06","slug":"crea-tu-web-con-bloques","status":"publish","type":"page","link":"https:\/\/www.mjmglobalart.com\/","title":{"rendered":"Sin t\u00edtulo"},"content":{"rendered":"\n<div class=\"wp-block-columns alignfull is-layout-flex wp-container-core-columns-is-layout-9d6595d7 wp-block-columns-is-layout-flex\">\n<div class=\"wp-block-column is-layout-flow wp-block-column-is-layout-flow\" style=\"flex-basis:100%\">\n<div class=\"wp-block-image\"><figure class=\"aligncenter size-full is-resized\"><img loading=\"lazy\" decoding=\"async\" src=\"https:\/\/www.mjmglobalart.com\/wp-content\/uploads\/2021\/09\/typo-props-construction1.png\" alt=\"\" class=\"wp-image-154\" width=\"869\" height=\"614\" srcset=\"https:\/\/www.mjmglobalart.com\/wp-content\/uploads\/2021\/09\/typo-props-construction1.png 929w, https:\/\/www.mjmglobalart.com\/wp-content\/uploads\/2021\/09\/typo-props-construction1-300x212.png 300w, https:\/\/www.mjmglobalart.com\/wp-content\/uploads\/2021\/09\/typo-props-construction1-768x543.png 768w\" sizes=\"auto, (max-width: 869px) 100vw, 869px\" \/><\/figure><\/div>\n<\/div>\n<\/div>\n\n\n\n<figure class=\"wp-block-image alignfull size-full\"><img loading=\"lazy\" decoding=\"async\" width=\"1920\" height=\"271\" src=\"https:\/\/www.mjmglobalart.com\/wp-content\/uploads\/2021\/08\/globalart-narrativeinteriordesign-simple.png\" alt=\"\" class=\"wp-image-143\" srcset=\"https:\/\/www.mjmglobalart.com\/wp-content\/uploads\/2021\/08\/globalart-narrativeinteriordesign-simple.png 1920w, https:\/\/www.mjmglobalart.com\/wp-content\/uploads\/2021\/08\/globalart-narrativeinteriordesign-simple-300x42.png 300w, https:\/\/www.mjmglobalart.com\/wp-content\/uploads\/2021\/08\/globalart-narrativeinteriordesign-simple-1024x145.png 1024w, https:\/\/www.mjmglobalart.com\/wp-content\/uploads\/2021\/08\/globalart-narrativeinteriordesign-simple-768x108.png 768w, https:\/\/www.mjmglobalart.com\/wp-content\/uploads\/2021\/08\/globalart-narrativeinteriordesign-simple-1536x217.png 1536w, https:\/\/www.mjmglobalart.com\/wp-content\/uploads\/2021\/08\/globalart-narrativeinteriordesign-simple-1568x221.png 1568w\" sizes=\"auto, (max-width: 1920px) 100vw, 1920px\" \/><\/figure>\n\n\n\n<div class=\"wp-block-columns alignfull is-layout-flex wp-container-core-columns-is-layout-9d6595d7 wp-block-columns-is-layout-flex\">\n<div class=\"wp-block-column is-layout-flow wp-block-column-is-layout-flow\" style=\"flex-basis:100%\">\n<p class=\"has-black-color has-text-color has-large-font-size\" style=\"line-height:0.9\">somos un estudio de dise\u00f1o de interiores en donde aplicamos la filosof\u00eda de espacios para generar narrativas y re-formar un h\u00e1bitat o ecosistema. en global art, conceptualizar y direccionar el dise\u00f1o de interiores hacia la mejor experiencia de estar son procesos que van atados al estudio de la esencia que posee un lugar y su potencial como volumen, entorno de desarrollo y manejo de su superficialidad<\/p>\n<\/div>\n<\/div>\n\n\n\n<div class=\"wp-block-columns alignwide are-vertically-aligned-center is-style-twentytwentyone-columns-overlap is-layout-flex wp-container-core-columns-is-layout-9d6595d7 wp-block-columns-is-layout-flex\">\n<div class=\"wp-block-column is-vertically-aligned-center is-layout-flow wp-block-column-is-layout-flow\">\n<figure class=\"wp-block-image alignfull size-large is-style-rounded\"><img loading=\"lazy\" decoding=\"async\" width=\"576\" height=\"1024\" src=\"https:\/\/www.mjmglobalart.com\/wp-content\/uploads\/2021\/09\/flores-coloreditado-576x1024.png\" alt=\"\" class=\"wp-image-156\" srcset=\"https:\/\/www.mjmglobalart.com\/wp-content\/uploads\/2021\/09\/flores-coloreditado-576x1024.png 576w, https:\/\/www.mjmglobalart.com\/wp-content\/uploads\/2021\/09\/flores-coloreditado-169x300.png 169w, https:\/\/www.mjmglobalart.com\/wp-content\/uploads\/2021\/09\/flores-coloreditado-768x1365.png 768w, https:\/\/www.mjmglobalart.com\/wp-content\/uploads\/2021\/09\/flores-coloreditado-864x1536.png 864w, https:\/\/www.mjmglobalart.com\/wp-content\/uploads\/2021\/09\/flores-coloreditado-1152x2048.png 1152w, https:\/\/www.mjmglobalart.com\/wp-content\/uploads\/2021\/09\/flores-coloreditado-1568x2788.png 1568w\" sizes=\"auto, (max-width: 576px) 100vw, 576px\" \/><\/figure>\n\n\n\n<div style=\"height:100px\" aria-hidden=\"true\" class=\"wp-block-spacer\"><\/div>\n<\/div>\n\n\n\n<div class=\"wp-block-column is-vertically-aligned-center is-layout-flow wp-block-column-is-layout-flow\">\n<figure class=\"wp-block-image alignfull size-full is-style-default\"><img loading=\"lazy\" decoding=\"async\" width=\"539\" height=\"591\" src=\"https:\/\/www.mjmglobalart.com\/wp-content\/uploads\/2021\/09\/homecollage.png\" alt=\"\" class=\"wp-image-164\" srcset=\"https:\/\/www.mjmglobalart.com\/wp-content\/uploads\/2021\/09\/homecollage.png 539w, https:\/\/www.mjmglobalart.com\/wp-content\/uploads\/2021\/09\/homecollage-274x300.png 274w\" sizes=\"auto, (max-width: 539px) 100vw, 539px\" \/><\/figure>\n<\/div>\n<\/div>\n\n\n\n<div style=\"height:100px\" aria-hidden=\"true\" class=\"wp-block-spacer\"><\/div>\n","protected":false},"excerpt":{"rendered":"<p>somos un estudio de dise\u00f1o de interiores en donde aplicamos la filosof\u00eda de espacios para generar narrativas y re-formar un h\u00e1bitat o ecosistema. en global art, conceptualizar y direccionar el dise\u00f1o de interiores hacia la mejor experiencia de estar son procesos que van atados al estudio de la esencia que posee un lugar y su&hellip; <a class=\"more-link\" href=\"https:\/\/www.mjmglobalart.com\/\">Seguir leyendo <span class=\"screen-reader-text\">Sin t\u00edtulo<\/span><\/a><\/p>\n","protected":false},"author":1,"featured_media":0,"parent":10,"menu_order":0,"comment_status":"closed","ping_status":"closed","template":"","meta":{"footnotes":""},"class_list":["post-9","page","type-page","status-publish","hentry","entry"],"_links":{"self":[{"href":"https:\/\/www.mjmglobalart.com\/index.php?rest_route=\/wp\/v2\/pages\/9","targetHints":{"allow":["GET"]}}],"collection":[{"href":"https:\/\/www.mjmglobalart.com\/index.php?rest_route=\/wp\/v2\/pages"}],"about":[{"href":"https:\/\/www.mjmglobalart.com\/index.php?rest_route=\/wp\/v2\/types\/page"}],"author":[{"embeddable":true,"href":"https:\/\/www.mjmglobalart.com\/index.php?rest_route=\/wp\/v2\/users\/1"}],"replies":[{"embeddable":true,"href":"https:\/\/www.mjmglobalart.com\/index.php?rest_route=%2Fwp%2Fv2%2Fcomments&post=9"}],"version-history":[{"count":13,"href":"https:\/\/www.mjmglobalart.com\/index.php?rest_route=\/wp\/v2\/pages\/9\/revisions"}],"predecessor-version":[{"id":165,"href":"https:\/\/www.mjmglobalart.com\/index.php?rest_route=\/wp\/v2\/pages\/9\/revisions\/165"}],"up":[{"embeddable":true,"href":"https:\/\/www.mjmglobalart.com\/index.php?rest_route=\/wp\/v2\/pages\/10"}],"wp:attachment":[{"href":"https:\/\/www.mjmglobalart.com\/index.php?rest_route=%2Fwp%2Fv2%2Fmedia&parent=9"}],"curies":[{"name":"wp","href":"https:\/\/api.w.org\/{rel}","templated":true}]}}