{"id":10,"date":"2021-07-24T06:25:06","date_gmt":"2021-07-24T04:25:06","guid":{"rendered":"https:\/\/www.mjmglobalart.com\/?page_id=10"},"modified":"2021-07-24T19:46:17","modified_gmt":"2021-07-24T17:46:17","slug":"acerca-de","status":"publish","type":"page","link":"http:\/\/www.mjmglobalart.com\/?page_id=10","title":{"rendered":"globalart"},"content":{"rendered":"\n<figure class=\"wp-block-image alignfull size-large\"><img loading=\"lazy\" decoding=\"async\" width=\"1024\" height=\"145\" src=\"https:\/\/www.mjmglobalart.com\/wp-content\/uploads\/2021\/07\/globalart-narrativeinteriordesign-simple-1024x145.png\" alt=\"\" class=\"wp-image-129\" srcset=\"http:\/\/www.mjmglobalart.com\/wp-content\/uploads\/2021\/07\/globalart-narrativeinteriordesign-simple-1024x145.png 1024w, http:\/\/www.mjmglobalart.com\/wp-content\/uploads\/2021\/07\/globalart-narrativeinteriordesign-simple-300x42.png 300w, http:\/\/www.mjmglobalart.com\/wp-content\/uploads\/2021\/07\/globalart-narrativeinteriordesign-simple-768x108.png 768w, http:\/\/www.mjmglobalart.com\/wp-content\/uploads\/2021\/07\/globalart-narrativeinteriordesign-simple-1536x217.png 1536w, http:\/\/www.mjmglobalart.com\/wp-content\/uploads\/2021\/07\/globalart-narrativeinteriordesign-simple-1568x221.png 1568w, http:\/\/www.mjmglobalart.com\/wp-content\/uploads\/2021\/07\/globalart-narrativeinteriordesign-simple.png 1920w\" sizes=\"auto, (max-width: 1024px) 100vw, 1024px\" \/><\/figure>\n\n\n\n<div class=\"wp-block-columns alignfull is-layout-flex wp-container-core-columns-is-layout-9d6595d7 wp-block-columns-is-layout-flex\">\n<div class=\"wp-block-column is-layout-flow wp-block-column-is-layout-flow\" style=\"flex-basis:100%\">\n<p class=\"has-normal-font-size\" style=\"line-height:1.1\">somos un estudio de dise\u00f1o de interiores en donde aplicamos la filosof\u00eda de espacios para generar narrativas y re-formar un h\u00e1bitat o ecosistema. en<strong> globalart<\/strong>, conceptualizar y direccionar el dise\u00f1o de interiores hacia la mejor experiencia de estar son procesos que van atados al estudio de la esencia que posee un lugar y su potencial como volumen, entorno de desarrollo y manejo de su superficialidad<\/p>\n<\/div>\n<\/div>\n","protected":false},"excerpt":{"rendered":"<p>somos un estudio de dise\u00f1o de interiores en donde aplicamos la filosof\u00eda de espacios para generar narrativas y re-formar un h\u00e1bitat o ecosistema. en globalart, conceptualizar y direccionar el dise\u00f1o de interiores hacia la mejor experiencia de estar son procesos que van atados al estudio de la esencia que posee un lugar y su potencial&hellip; <a class=\"more-link\" href=\"http:\/\/www.mjmglobalart.com\/?page_id=10\">Seguir leyendo <span class=\"screen-reader-text\">globalart<\/span><\/a><\/p>\n","protected":false},"author":1,"featured_media":0,"parent":0,"menu_order":0,"comment_status":"closed","ping_status":"closed","template":"","meta":{"footnotes":""},"class_list":["post-10","page","type-page","status-publish","hentry","entry"],"_links":{"self":[{"href":"http:\/\/www.mjmglobalart.com\/index.php?rest_route=\/wp\/v2\/pages\/10","targetHints":{"allow":["GET"]}}],"collection":[{"href":"http:\/\/www.mjmglobalart.com\/index.php?rest_route=\/wp\/v2\/pages"}],"about":[{"href":"http:\/\/www.mjmglobalart.com\/index.php?rest_route=\/wp\/v2\/types\/page"}],"author":[{"embeddable":true,"href":"http:\/\/www.mjmglobalart.com\/index.php?rest_route=\/wp\/v2\/users\/1"}],"replies":[{"embeddable":true,"href":"http:\/\/www.mjmglobalart.com\/index.php?rest_route=%2Fwp%2Fv2%2Fcomments&post=10"}],"version-history":[{"count":4,"href":"http:\/\/www.mjmglobalart.com\/index.php?rest_route=\/wp\/v2\/pages\/10\/revisions"}],"predecessor-version":[{"id":132,"href":"http:\/\/www.mjmglobalart.com\/index.php?rest_route=\/wp\/v2\/pages\/10\/revisions\/132"}],"wp:attachment":[{"href":"http:\/\/www.mjmglobalart.com\/index.php?rest_route=%2Fwp%2Fv2%2Fmedia&parent=10"}],"curies":[{"name":"wp","href":"https:\/\/api.w.org\/{rel}","templated":true}]}}